{"id":25,"date":"2021-04-02T15:01:55","date_gmt":"2021-04-02T15:01:55","guid":{"rendered":"https:\/\/artesana.blog\/?page_id=25"},"modified":"2021-04-11T15:32:13","modified_gmt":"2021-04-11T15:32:13","slug":"chi-siamo","status":"publish","type":"page","link":"https:\/\/artesana.blog\/index.php\/chi-siamo\/","title":{"rendered":"Chi sono"},"content":{"rendered":"\r\n<p>Sono nata nel 1974 a Roma.<\/p>\r\n<p>Ho frequentato il liceo artistico Caravillani e la facolt\u00e0 di Lettere e Filosofia alla Sapienza. Mi sono laureata con indirizzo demo-etno-antropologico e ho conseguito un Master in didattica museale presso l&#8217;Universit\u00e0 di Roma Tre.<\/p>\r\n<p>Dal 2000 lavoro nel Ministero dei Beni Culturali, prima al Museo di Castel Sant&#8217;Angelo e poi al Museo delle Civilt\u00e0 a Roma.\u00a0<\/p>\r\n<p>Ho viaggiato, soprattutto in Messico, avendo l&#8217;opportunit\u00e0 di vivere per lunghi periodi con le comunit\u00e0 indigene dell&#8217;entroterra e della costa del Michoac\u00e0n.<\/p>\r\n<p>Ho frequentato corsi di ceramica, arazzo e tessitura, erboristeria, massaggio tibetano, agricoltura biodinamica, macrobiotica e tanto altro.<\/p>\r\n<p>Mi interesso di didattica esperienziale, percorsi comunitari e di sostenibilit\u00e0 ambientale.<\/p>\r\n<p>Sono socia fondatrice di Artesana APS, Pachamamma e Semi di Cultura APS.<\/p>\r\n<p>Sono madre.\u00a0<\/p>\r\n<p>Sono in divenire&#8230; e viaggio con il mio sposo con cui condivido la mia vita.<\/p>\r\n<p>Vorrei poter conoscere ancora molte cose.<\/p>\r\n<p>Mi piace scoprirle passo dopo passo&#8230;<\/p>\r\n<p>ed \u00e8 solo l&#8217;inizio!<\/p>\r\n<p>&nbsp;<\/p>\r\n<p><img loading=\"lazy\" decoding=\"async\" class=\"alignnone wp-image-48 aligncenter\" src=\"https:\/\/artesana.blog\/wp-content\/uploads\/2021\/04\/DSC09425-480x360.jpeg\" alt=\"\" width=\"568\" height=\"426\" srcset=\"https:\/\/artesana.blog\/wp-content\/uploads\/2021\/04\/DSC09425-480x360.jpeg 480w, https:\/\/artesana.blog\/wp-content\/uploads\/2021\/04\/DSC09425.jpeg 640w\" sizes=\"auto, (max-width: 568px) 100vw, 568px\" \/><\/p>\r\n","protected":false},"excerpt":{"rendered":"<p>Sono nata nel 1974 a Roma. Ho frequentato il liceo artistico Caravillani e la facolt\u00e0 di Lettere e Filosofia alla Sapienza. Mi sono laureata con indirizzo demo-etno-antropologico e ho conseguito un Master in didattica museale presso l&#8217;Universit\u00e0 di Roma Tre. Dal 2000 lavoro nel Ministero dei Beni Culturali, prima al Museo di Castel Sant&#8217;Angelo e&hellip; <a class=\"more-link\" href=\"https:\/\/artesana.blog\/index.php\/chi-siamo\/\">Continua a leggere <span class=\"screen-reader-text\">Chi sono<\/span><\/a><\/p>\n","protected":false},"author":1,"featured_media":0,"parent":0,"menu_order":0,"comment_status":"closed","ping_status":"closed","template":"","meta":{"_monsterinsights_skip_tracking":false,"_monsterinsights_sitenote_active":false,"_monsterinsights_sitenote_note":"","_monsterinsights_sitenote_category":0,"footnotes":""},"class_list":["post-25","page","type-page","status-publish","hentry","entry"],"yoast_head":"<!-- This site is optimized with the Yoast SEO plugin v24.9 - https:\/\/yoast.com\/wordpress\/plugins\/seo\/ -->\n<title>Chi sono - Artesana.blog<\/title>\n<meta name=\"robots\" content=\"index, follow, max-snippet:-1, max-image-preview:large, max-video-preview:-1\" \/>\n<link rel=\"canonical\" href=\"https:\/\/artesana.blog\/index.php\/chi-siamo\/\" \/>\n<meta property=\"og:locale\" content=\"it_IT\" \/>\n<meta property=\"og:type\" content=\"article\" \/>\n<meta property=\"og:title\" content=\"Chi sono - Artesana.blog\" \/>\n<meta property=\"og:description\" content=\"Sono nata nel 1974 a Roma. Ho frequentato il liceo artistico Caravillani e la facolt\u00e0 di Lettere e Filosofia alla Sapienza. Mi sono laureata con indirizzo demo-etno-antropologico e ho conseguito un Master in didattica museale presso l&#8217;Universit\u00e0 di Roma Tre. Dal 2000 lavoro nel Ministero dei Beni Culturali, prima al Museo di Castel Sant&#8217;Angelo e&hellip; Continua a leggere Chi sono\" \/>\n<meta property=\"og:url\" content=\"https:\/\/artesana.blog\/index.php\/chi-siamo\/\" \/>\n<meta property=\"og:site_name\" content=\"Artesana.blog\" \/>\n<meta property=\"article:modified_time\" content=\"2021-04-11T15:32:13+00:00\" \/>\n<meta property=\"og:image\" content=\"https:\/\/artesana.blog\/wp-content\/uploads\/2021\/04\/DSC09425-480x360.jpeg\" \/>\n<meta name=\"twitter:card\" content=\"summary_large_image\" \/>\n<meta name=\"twitter:label1\" content=\"Tempo di lettura stimato\" \/>\n\t<meta name=\"twitter:data1\" content=\"1 minuto\" \/>\n<script type=\"application\/ld+json\" class=\"yoast-schema-graph\">{\"@context\":\"https:\/\/schema.org\",\"@graph\":[{\"@type\":\"WebPage\",\"@id\":\"https:\/\/artesana.blog\/index.php\/chi-siamo\/\",\"url\":\"https:\/\/artesana.blog\/index.php\/chi-siamo\/\",\"name\":\"Chi sono - Artesana.blog\",\"isPartOf\":{\"@id\":\"https:\/\/artesana.blog\/#website\"},\"primaryImageOfPage\":{\"@id\":\"https:\/\/artesana.blog\/index.php\/chi-siamo\/#primaryimage\"},\"image\":{\"@id\":\"https:\/\/artesana.blog\/index.php\/chi-siamo\/#primaryimage\"},\"thumbnailUrl\":\"https:\/\/artesana.blog\/wp-content\/uploads\/2021\/04\/DSC09425-480x360.jpeg\",\"datePublished\":\"2021-04-02T15:01:55+00:00\",\"dateModified\":\"2021-04-11T15:32:13+00:00\",\"breadcrumb\":{\"@id\":\"https:\/\/artesana.blog\/index.php\/chi-siamo\/#breadcrumb\"},\"inLanguage\":\"it-IT\",\"potentialAction\":[{\"@type\":\"ReadAction\",\"target\":[\"https:\/\/artesana.blog\/index.php\/chi-siamo\/\"]}]},{\"@type\":\"ImageObject\",\"inLanguage\":\"it-IT\",\"@id\":\"https:\/\/artesana.blog\/index.php\/chi-siamo\/#primaryimage\",\"url\":\"https:\/\/artesana.blog\/wp-content\/uploads\/2021\/04\/DSC09425.jpeg\",\"contentUrl\":\"https:\/\/artesana.blog\/wp-content\/uploads\/2021\/04\/DSC09425.jpeg\",\"width\":640,\"height\":480},{\"@type\":\"BreadcrumbList\",\"@id\":\"https:\/\/artesana.blog\/index.php\/chi-siamo\/#breadcrumb\",\"itemListElement\":[{\"@type\":\"ListItem\",\"position\":1,\"name\":\"Home\",\"item\":\"https:\/\/artesana.blog\/\"},{\"@type\":\"ListItem\",\"position\":2,\"name\":\"Chi sono\"}]},{\"@type\":\"WebSite\",\"@id\":\"https:\/\/artesana.blog\/#website\",\"url\":\"https:\/\/artesana.blog\/\",\"name\":\"Artesana.blog\",\"description\":\"per una sana arte dell&#039;essere\",\"publisher\":{\"@id\":\"https:\/\/artesana.blog\/#\/schema\/person\/4635fcb5f61de2ccabb85caec4d76541\"},\"potentialAction\":[{\"@type\":\"SearchAction\",\"target\":{\"@type\":\"EntryPoint\",\"urlTemplate\":\"https:\/\/artesana.blog\/?s={search_term_string}\"},\"query-input\":{\"@type\":\"PropertyValueSpecification\",\"valueRequired\":true,\"valueName\":\"search_term_string\"}}],\"inLanguage\":\"it-IT\"},{\"@type\":[\"Person\",\"Organization\"],\"@id\":\"https:\/\/artesana.blog\/#\/schema\/person\/4635fcb5f61de2ccabb85caec4d76541\",\"name\":\"admin\",\"image\":{\"@type\":\"ImageObject\",\"inLanguage\":\"it-IT\",\"@id\":\"https:\/\/artesana.blog\/#\/schema\/person\/image\/\",\"url\":\"https:\/\/secure.gravatar.com\/avatar\/784cec47fb44d3d41440060b83496e21efc27b197ae92e33baac6890962b2eed?s=96&d=mm&r=g\",\"contentUrl\":\"https:\/\/secure.gravatar.com\/avatar\/784cec47fb44d3d41440060b83496e21efc27b197ae92e33baac6890962b2eed?s=96&d=mm&r=g\",\"caption\":\"admin\"},\"logo\":{\"@id\":\"https:\/\/artesana.blog\/#\/schema\/person\/image\/\"},\"sameAs\":[\"https:\/\/artesana.blog\"]}]}<\/script>\n<!-- \/ Yoast SEO plugin. -->","yoast_head_json":{"title":"Chi sono - Artesana.blog","robots":{"index":"index","follow":"follow","max-snippet":"max-snippet:-1","max-image-preview":"max-image-preview:large","max-video-preview":"max-video-preview:-1"},"canonical":"https:\/\/artesana.blog\/index.php\/chi-siamo\/","og_locale":"it_IT","og_type":"article","og_title":"Chi sono - Artesana.blog","og_description":"Sono nata nel 1974 a Roma. Ho frequentato il liceo artistico Caravillani e la facolt\u00e0 di Lettere e Filosofia alla Sapienza. Mi sono laureata con indirizzo demo-etno-antropologico e ho conseguito un Master in didattica museale presso l&#8217;Universit\u00e0 di Roma Tre. Dal 2000 lavoro nel Ministero dei Beni Culturali, prima al Museo di Castel Sant&#8217;Angelo e&hellip; Continua a leggere Chi sono","og_url":"https:\/\/artesana.blog\/index.php\/chi-siamo\/","og_site_name":"Artesana.blog","article_modified_time":"2021-04-11T15:32:13+00:00","og_image":[{"url":"https:\/\/artesana.blog\/wp-content\/uploads\/2021\/04\/DSC09425-480x360.jpeg","type":"","width":"","height":""}],"twitter_card":"summary_large_image","twitter_misc":{"Tempo di lettura stimato":"1 minuto"},"schema":{"@context":"https:\/\/schema.org","@graph":[{"@type":"WebPage","@id":"https:\/\/artesana.blog\/index.php\/chi-siamo\/","url":"https:\/\/artesana.blog\/index.php\/chi-siamo\/","name":"Chi sono - Artesana.blog","isPartOf":{"@id":"https:\/\/artesana.blog\/#website"},"primaryImageOfPage":{"@id":"https:\/\/artesana.blog\/index.php\/chi-siamo\/#primaryimage"},"image":{"@id":"https:\/\/artesana.blog\/index.php\/chi-siamo\/#primaryimage"},"thumbnailUrl":"https:\/\/artesana.blog\/wp-content\/uploads\/2021\/04\/DSC09425-480x360.jpeg","datePublished":"2021-04-02T15:01:55+00:00","dateModified":"2021-04-11T15:32:13+00:00","breadcrumb":{"@id":"https:\/\/artesana.blog\/index.php\/chi-siamo\/#breadcrumb"},"inLanguage":"it-IT","potentialAction":[{"@type":"ReadAction","target":["https:\/\/artesana.blog\/index.php\/chi-siamo\/"]}]},{"@type":"ImageObject","inLanguage":"it-IT","@id":"https:\/\/artesana.blog\/index.php\/chi-siamo\/#primaryimage","url":"https:\/\/artesana.blog\/wp-content\/uploads\/2021\/04\/DSC09425.jpeg","contentUrl":"https:\/\/artesana.blog\/wp-content\/uploads\/2021\/04\/DSC09425.jpeg","width":640,"height":480},{"@type":"BreadcrumbList","@id":"https:\/\/artesana.blog\/index.php\/chi-siamo\/#breadcrumb","itemListElement":[{"@type":"ListItem","position":1,"name":"Home","item":"https:\/\/artesana.blog\/"},{"@type":"ListItem","position":2,"name":"Chi sono"}]},{"@type":"WebSite","@id":"https:\/\/artesana.blog\/#website","url":"https:\/\/artesana.blog\/","name":"Artesana.blog","description":"per una sana arte dell&#039;essere","publisher":{"@id":"https:\/\/artesana.blog\/#\/schema\/person\/4635fcb5f61de2ccabb85caec4d76541"},"potentialAction":[{"@type":"SearchAction","target":{"@type":"EntryPoint","urlTemplate":"https:\/\/artesana.blog\/?s={search_term_string}"},"query-input":{"@type":"PropertyValueSpecification","valueRequired":true,"valueName":"search_term_string"}}],"inLanguage":"it-IT"},{"@type":["Person","Organization"],"@id":"https:\/\/artesana.blog\/#\/schema\/person\/4635fcb5f61de2ccabb85caec4d76541","name":"admin","image":{"@type":"ImageObject","inLanguage":"it-IT","@id":"https:\/\/artesana.blog\/#\/schema\/person\/image\/","url":"https:\/\/secure.gravatar.com\/avatar\/784cec47fb44d3d41440060b83496e21efc27b197ae92e33baac6890962b2eed?s=96&d=mm&r=g","contentUrl":"https:\/\/secure.gravatar.com\/avatar\/784cec47fb44d3d41440060b83496e21efc27b197ae92e33baac6890962b2eed?s=96&d=mm&r=g","caption":"admin"},"logo":{"@id":"https:\/\/artesana.blog\/#\/schema\/person\/image\/"},"sameAs":["https:\/\/artesana.blog"]}]}},"_links":{"self":[{"href":"https:\/\/artesana.blog\/index.php\/wp-json\/wp\/v2\/pages\/25","targetHints":{"allow":["GET"]}}],"collection":[{"href":"https:\/\/artesana.blog\/index.php\/wp-json\/wp\/v2\/pages"}],"about":[{"href":"https:\/\/artesana.blog\/index.php\/wp-json\/wp\/v2\/types\/page"}],"author":[{"embeddable":true,"href":"https:\/\/artesana.blog\/index.php\/wp-json\/wp\/v2\/users\/1"}],"replies":[{"embeddable":true,"href":"https:\/\/artesana.blog\/index.php\/wp-json\/wp\/v2\/comments?post=25"}],"version-history":[{"count":6,"href":"https:\/\/artesana.blog\/index.php\/wp-json\/wp\/v2\/pages\/25\/revisions"}],"predecessor-version":[{"id":95,"href":"https:\/\/artesana.blog\/index.php\/wp-json\/wp\/v2\/pages\/25\/revisions\/95"}],"wp:attachment":[{"href":"https:\/\/artesana.blog\/index.php\/wp-json\/wp\/v2\/media?parent=25"}],"curies":[{"name":"wp","href":"https:\/\/api.w.org\/{rel}","templated":true}]}}